

{"id":2133,"date":"2020-12-17T15:27:06","date_gmt":"2020-12-17T15:27:06","guid":{"rendered":"https:\/\/www.realspanish.eu\/?page_id=2133"},"modified":"2026-02-16T15:25:45","modified_gmt":"2026-02-16T15:25:45","slug":"spanish-online-courses","status":"publish","type":"page","link":"https:\/\/www.realspanish.eu\/en\/spanish-online-courses\/","title":{"rendered":"Espa\u00f1ol con cine, TV y radioteatro"},"content":{"rendered":"<div class=\"wpb-content-wrapper\"><p>[vc_row ult_hide_row=&#8221;ult_hide_row_value&#8221; ult_hide_row_tablet=&#8221;tablet&#8221; ult_hide_row_tablet_small=&#8221;xs_tablet&#8221; ult_hide_row_mobile=&#8221;mobile&#8221; ult_hide_row_mobile_large=&#8221;xl_mobile&#8221;][vc_column]<div class=\"ult-spacer spacer-69e5e62c7d9a3\" data-id=\"69e5e62c7d9a3\" data-height=\"0\" data-height-mobile=\"0\" data-height-tab=\"0\" data-height-tab-portrait=\"\" data-height-mobile-landscape=\"\" style=\"clear:both;display:block;\"><\/div>[\/vc_column][\/vc_row][vc_row full_width=&#8221;stretch_row_content_no_spaces&#8221; content_placement=&#8221;middle&#8221; bg_type=&#8221;image&#8221; ult_hide_row=&#8221;ult_hide_row_value&#8221; ult_hide_row_tablet=&#8221;tablet&#8221; ult_hide_row_tablet_small=&#8221;xs_tablet&#8221; ult_hide_row_mobile=&#8221;mobile&#8221; ult_hide_row_mobile_large=&#8221;xl_mobile&#8221; css=&#8221;.vc_custom_1764593708878{background-image: url(https:\/\/www.realspanish.eu\/wp-content\/uploads\/2025\/12\/banner-subpage-cine-English.png?id=8401) !important;}&#8221;][vc_column]<div class=\"ult-spacer spacer-69e5e62c7d9cb\" data-id=\"69e5e62c7d9cb\" data-height=\"400\" data-height-mobile=\"500\" data-height-tab=\"500\" data-height-tab-portrait=\"500\" data-height-mobile-landscape=\"500\" style=\"clear:both;display:block;\"><\/div>[\/vc_column][\/vc_row][vc_row full_width=&#8221;stretch_row_content_no_spaces&#8221; bg_type=&#8221;bg_color&#8221; ult_hide_row=&#8221;ult_hide_row_value&#8221; ult_hide_row_large_screen=&#8221;large_screen&#8221; ult_hide_row_desktop=&#8221;desktop&#8221;][vc_column][vc_single_image image=&#8221;8401&#8243; img_size=&#8221;full&#8221; css=&#8221;&#8221;][\/vc_column][\/vc_row][vc_row parallax=&#8221;content-moving&#8221; parallax_speed_bg=&#8221;2.5&#8243;][vc_column width=&#8221;1\/6&#8243;][\/vc_column][vc_column width=&#8221;2\/3&#8243;][vc_empty_space height=&#8221;52px&#8221;][vc_column_text css=&#8221;&#8221;]<\/p>\n<p style=\"font-size: 20px;\">Many people find listening comprehension the most difficult aspect of language learning. That\u2019s why our courses focus on authentic speech and colloquial language.<\/p>\n<p style=\"font-size: 20px;\">Each course consists of engaging video-lessons based on clips from popular movies, TV programmes, documentaries, or short stories presented as radio plays. Each lesson comes with interesting study materials and online activities linked to the videos or radio plays.\u00a0You will hear authentic Spanish at normal native-speaker speed, and you\u2019ll learn many expressions that you can use in order to sound more natural. Our virtual teachers explain the vocabulary, the expressions and some points of grammar that come up in the lessons. They also explain the historical and cultural content, which is just as important as the linguistic content when you participate in conversation with native speakers.<\/p>\n<p>[\/vc_column_text][vc_column_text css=&#8221;&#8221;]<\/p>\n<h2><span style=\"color: #009292;\"><strong>With these courses you can:<\/strong><\/span><\/h2>\n<hr \/>\n<ul style=\"list-style-type: square;\">\n<li>Improve your comprehension of colloquial Spanish spoken at normal native-speaker speed.<\/li>\n<li>Learn useful new words and expressions.<\/li>\n<li>Become familiar with various Spanish accents.<\/li>\n<li>Improve your command of several grammar points that come up in the lesson.<\/li>\n<li>Deepen your understanding of the history and culture of Spain and the Spanish-speaking world.<\/li>\n<\/ul>\n<p>[\/vc_column_text][vc_empty_space height=&#8221;52px&#8221;][vc_column_text css=&#8221;&#8221;]<\/p>\n<p style=\"font-size: 20px;\">Each lesson will take 3-5 hours, depending on how often you view or listen to each lesson\u2026 multiple sessions are recommended, until you can really distinguish and understand every word without the transcription or subtitles. We also recommend that you choose a section from the transcription and read aloud along with the audio. This will help to improve your pronunciation, intonation, phrasing, and fluency.<\/p>\n<p>[\/vc_column_text][vc_empty_space height=&#8221;52px&#8221;][vc_column_text css=&#8221;&#8221;]<\/p>\n<h2><span style=\"color: #009292;\"><strong>Each lesson consists of:<\/strong><\/span><\/h2>\n<hr \/>\n<ul style=\"list-style-type: square;\">\n<li>A video in Spanish, with key words and phrases explained on-screen in English, or a podcast + annotated transcription;<\/li>\n<li>A complete transcription;<\/li>\n<li>Vocabulary notes in Spanish and English;<\/li>\n<li>Online activities to help you internalise new vocabulary and expressions;<\/li>\n<li>Grammar notes explaining points that arise in the videos, in Spanish and English;<\/li>\n<li>Online activities to help you evaluate your own learning.<\/li>\n<\/ul>\n<p>[\/vc_column_text][\/vc_column][vc_column width=&#8221;1\/6&#8243;][\/vc_column][\/vc_row][vc_row][vc_column][\/vc_column][\/vc_row][vc_row gap=&#8221;20&#8243; equal_height=&#8221;yes&#8221; css=&#8221;.vc_custom_1734073312997{margin-right: 40px !important;margin-left: 40px !important;}&#8221;][vc_column width=&#8221;1\/2&#8243;][vc_single_image image=&#8221;7650&#8243; img_size=&#8221;large&#8221; alignment=&#8221;center&#8221; style=&#8221;vc_box_shadow_3d&#8221; css=&#8221;&#8221;][vc_column_text css=&#8221;&#8221;]<\/p>\n<p style=\"font-size: 20px;\"><strong> Espa\u00f1ol con cine 1: \u00abArrugas\u00bb <\/strong><\/p>\n<p><strong>The first lesson of this course is a free preview. Click\u00a0<span style=\"font-style: inherit;\"><a href=\"https:\/\/www.realspanish.eu\/en\/course\/espanol-cine-1-arrugas\/\">here\u00a0<\/a><\/span>to try it now!<\/strong><\/p>\n<p style=\"font-size: 20px;\">This course is based on clips from the prizewinning animated film \u00abArrugas\u00bb, a moving yet amusing story about a friendship between two old men in a care home. You&#8217;ll learn interesting information about the autonomous communities (regions) of Spain, the history of emigration to Latin America, and recent changes in intergenerational relationships.<\/p>\n<p style=\"font-size: 20px;\"><span style=\"text-decoration: line-through;\">25\u20ac<\/span> 22.50\u20ac (Plus any taxes may that apply in your country)<\/p>\n<p><span style=\"color: #0000ff;\"><a style=\"color: #0000ff;\" href=\"https:\/\/www.realspanish.eu\/en\/producto\/spanish-cinema-1\/\"><strong>Buy now<\/strong> <\/a><\/span><\/p>\n<p><a href=\"https:\/\/www.realspanish.eu\/en\/course\/espanol-cine-1-arrugas\/\"><span style=\"color: #0000ff;\"><strong> View curriculum and try your free lesson<\/strong><\/span><\/a>[\/vc_column_text][\/vc_column][vc_column width=&#8221;1\/2&#8243;][vc_single_image image=&#8221;7652&#8243; img_size=&#8221;large&#8221; alignment=&#8221;center&#8221; style=&#8221;vc_box_shadow_3d&#8221; css=&#8221;&#8221;][vc_column_text css=&#8221;&#8221;]<\/p>\n<p style=\"font-size: 20px;\"><strong> Espa\u00f1ol con cine 2: \u00abOcho apellidos vascos\u00bb <\/strong><\/p>\n<p style=\"font-size: 20px;\">This course is based on clips from a very popular Spanish movie about the unlikely romance between young Andalusian man and a young Basque woman. They have very sterotypical ideas about each other, and are so different that they could be from different planets. The movie is very funny and you will want to see the whole thing!<\/p>\n<p style=\"font-size: 20px;\"><del datetime=\"2025-04-07T14:56:50+00:00\">25\u20ac<\/del> 22.50\u20ac (Plus any taxes may that apply in your country)<\/p>\n<p><span style=\"color: #0000ff;\"><a style=\"color: #0000ff;\" href=\"https:\/\/www.realspanish.eu\/en\/producto\/spanish-cinema-2\/\"><strong> Buy now <\/strong> <\/a><\/span><\/p>\n<p><strong><a href=\"https:\/\/www.realspanish.eu\/en\/course\/espanol-cine-2-ocho-apellidos-vascos\/\"><span style=\"color: #0000ff;\"> View curriculum<\/span><\/a><\/strong>[\/vc_column_text][\/vc_column][\/vc_row][vc_row gap=&#8221;20&#8243; equal_height=&#8221;yes&#8221; css=&#8221;.vc_custom_1734073312997{margin-right: 40px !important;margin-left: 40px !important;}&#8221;][vc_column width=&#8221;1\/2&#8243;][vc_single_image image=&#8221;7654&#8243; img_size=&#8221;large&#8221; alignment=&#8221;center&#8221; style=&#8221;vc_box_shadow_3d&#8221; css=&#8221;&#8221;][vc_column_text css=&#8221;&#8221;]<\/p>\n<p style=\"font-size: 20px;\"><strong> Espa\u00f1ol con los Alc\u00e1ntara: \u00abUn malentendido\u00bb <\/strong><\/p>\n<p style=\"font-size: 20px;\">The five lessons in this course are based on clips from\u00a0Cu\u00e9ntame c\u00f3mo pas\u00f3, a popular, prizewinning series from Televisi\u00f3n Espa\u00f1ola (TVE). We meet the Alc\u00e1ntaras, a working-class family living in Madrid in the 60s. The Catholic Church still\u00a0had enormous power, and contraceptive pills were available only on the black market.\u00a0\u200b\u200b<\/p>\n<p style=\"font-size: 20px;\"><del datetime=\"2025-04-07T14:56:50+00:00\">25\u20ac <\/del>22.50\u20ac (Plus any taxes may that apply in your country)<\/p>\n<p><span style=\"color: #0000ff;\"><a style=\"color: #0000ff;\" href=\"https:\/\/www.realspanish.eu\/en\/producto\/spanish-alcantara-1\/\"><strong> Buy now <\/strong> <\/a><\/span><\/p>\n<p><span style=\"color: #0000ff;\"><strong><a style=\"color: #0000ff;\" href=\"https:\/\/www.realspanish.eu\/en\/course\/espanol-con-los-alcantara-1-un-malentendido\/curriculum\/\"> View curriculum<\/a><\/strong><\/span>[\/vc_column_text][\/vc_column][vc_column width=&#8221;1\/2&#8243;][vc_single_image image=&#8221;7656&#8243; img_size=&#8221;large&#8221; alignment=&#8221;center&#8221; style=&#8221;vc_box_shadow_3d&#8221; css=&#8221;&#8221;][vc_column_text css=&#8221;&#8221;]<\/p>\n<p style=\"font-size: 20px;\"><strong> Espa\u00f1ol con noticias y documentales: entrevistas y reportaje <\/strong><\/p>\n<p style=\"font-size: 20px;\">This course is a\u00a0collection of five individual lessons based on clips from television news programs. Topics include a scandal dating from the Franco era, Spain\u2019s artistic and cultural heritage, the depopulation of rural Spain, and the reasons for the long workday in Spain.<\/p>\n<p style=\"font-size: 20px;\"><del datetime=\"2025-04-07T14:56:50+00:00\">25\u20ac<\/del> 22.50\u20ac (Plus any taxes may that apply in your country)<\/p>\n<p><span style=\"color: #0000ff;\"><a style=\"color: #0000ff;\" href=\"https:\/\/www.realspanish.eu\/en\/producto\/spanish-news-documentaries-1-noticias-reportajes\/&quot;\"><strong>Buy now<\/strong> <\/a><\/span><\/p>\n<p><span style=\"color: #0000ff;\"><strong><a style=\"color: #0000ff;\" href=\"https:\/\/www.realspanish.eu\/en\/course\/espanol-con-noticias-documentales-1\/\"> View curriculum<\/a><\/strong><\/span>[\/vc_column_text][\/vc_column][\/vc_row][vc_row gap=&#8221;20&#8243; equal_height=&#8221;yes&#8221; css=&#8221;.vc_custom_1734073312997{margin-right: 40px !important;margin-left: 40px !important;}&#8221;][vc_column width=&#8221;1\/2&#8243;][vc_single_image image=&#8221;7658&#8243; img_size=&#8221;large&#8221; alignment=&#8221;center&#8221; style=&#8221;vc_box_shadow_3d&#8221; css=&#8221;&#8221;][vc_column_text css=&#8221;&#8221;]<\/p>\n<p style=\"font-size: 20px;\"><strong> Espa\u00f1ol con noticias y documentales: La historia de tres regiones biling\u00fces de Espa\u00f1a <\/strong><\/p>\n<p style=\"font-size: 20px;\">These lessons are based on short documentary videos, delivered in an interesting visual way, about three of Spain&#8217;s autonomous communities: the Basque country, Catalunya, and Galicia. You&#8217;ll learn a lot of vocabulary that you can use when reading newspapers, watching TV news and documentaries, and discussing historical and current events.<\/p>\n<p style=\"font-size: 20px;\"><del datetime=\"2025-04-07T14:56:50+00:00\">25\u20ac <\/del>22.50\u20ac (Plus any taxes may that apply in your country)<\/p>\n<p><span style=\"color: #0000ff;\"><a style=\"color: #0000ff;\" href=\"https:\/\/www.realspanish.eu\/en\/producto\/spanish-news-documentaries-2-historia-tres-regiones\/\"><strong> Buy now <\/strong> <\/a><\/span><\/p>\n<p><span style=\"color: #0000ff;\"><strong><a style=\"color: #0000ff;\" href=\"https:\/\/www.realspanish.eu\/en\/course\/espanol-con-noticias-documentales-2\/\"> View curriculum <\/a><\/strong><\/span>[\/vc_column_text][\/vc_column][vc_column width=&#8221;1\/2&#8243;][vc_single_image image=&#8221;7915&#8243; img_size=&#8221;large&#8221; alignment=&#8221;center&#8221; style=&#8221;vc_box_shadow_3d&#8221; css=&#8221;&#8221; el_class=&#8221;cardumen&#8221;][vc_column_text css=&#8221;&#8221;]<\/p>\n<p style=\"font-size: 20px;\"><strong> Espa\u00f1ol con radioteatro 1: \u00abDilemas\u00bb <\/strong><\/p>\n<p><span style=\"color: #000000;\">The first lesson in this course is a free preview. <\/span><span style=\"color: #008080;\"><strong>Try it now!<\/strong><\/span><\/p>\n<p style=\"font-size: 20px;\">This course is based on short stories by J\u00falia Rodr\u00edguez Solera, a writer from Barcelona. We have adapted the stories as radio plays. We explain the vocabulary, expressions and grammar points that come up in the play. We also explain the cultural context, which is just as important as the language when it comes to participating in real conversations with native speakers.<\/p>\n<p style=\"font-size: 20px;\"><del datetime=\"2025-04-07T14:56:50+00:00\">25\u20ac<\/del> 22.50\u20ac (Plus any taxes may that apply in your country)<\/p>\n<p><span style=\"color: #0000ff;\"><a style=\"color: #0000ff;\" href=\"https:\/\/www.realspanish.eu\/en\/producto\/espanol-postacsts-1-cardumen\/\"><strong> Buy now<\/strong> <\/a><\/span><\/p>\n<p><a href=\"https:\/\/www.realspanish.eu\/en\/course\/espanol-con-podcasts-1-cardumen\/\"><span style=\"color: #0000ff;\"><strong> View curriculum and try your free lesson<\/strong><\/span><\/a>[\/vc_column_text][\/vc_column][\/vc_row][vc_row][vc_column][vc_row_inner][vc_column_inner][vc_column_text css=&#8221;&#8221;]<\/p>\n<p><center><strong style=\"color: #21a39b;\">Special offer! Save when you buy packs of courses<\/strong><\/center>[\/vc_column_text][\/vc_column_inner][\/vc_row_inner][\/vc_column][\/vc_row][vc_row gap=&#8221;20&#8243; equal_height=&#8221;yes&#8221; css=&#8221;.vc_custom_1734073312997{margin-right: 40px !important;margin-left: 40px !important;}&#8221;][vc_column width=&#8221;1\/2&#8243;][vc_single_image image=&#8221;7936&#8243; img_size=&#8221;large&#8221; alignment=&#8221;center&#8221; style=&#8221;vc_box_shadow_3d&#8221; css=&#8221;&#8221;][vc_column_text css=&#8221;&#8221;]<\/p>\n<p style=\"font-size: 20px;\"><strong> Real Spanish Course Pack 1: Espa\u00f1ol con cine, TV y radioteatro<\/strong><\/p>\n<p style=\"font-size: 20px;\"><strong>This pack consists of 4 courses: <\/strong><\/p>\n<p style=\"font-size: 20px;\">Espa\u00f1ol con cine 1: \u00abArrugas\u00bb<\/p>\n<p style=\"font-size: 20px;\">Espa\u00f1ol con cine 2: \u00abOcho appellidos vascos\u00bb<\/p>\n<p style=\"font-size: 20px;\">Espa\u00f1ol con los Alc\u00e1ntara: \u00abUn malentendido\u00bb<\/p>\n<p style=\"font-size: 20px;\">Espa\u00f1ol con radioteatro 1: \u00abDilemas\u00bb<\/p>\n<p style=\"font-size: 20px;\"><span style=\"text-decoration: line-through;\">100\u20ac<\/span> 75\u20ac (Plus any taxes may that apply in your country)<\/p>\n<p style=\"font-size: 20px;\"><span style=\"color: #0000ff;\"><strong> <a style=\"color: #0000ff;\" href=\"https:\/\/www.realspanish.eu\/en\/producto\/course-pack-1\/\">Buy now<\/a> <\/strong><\/span><\/p>\n<p>[\/vc_column_text][\/vc_column][vc_column width=&#8221;1\/2&#8243;][vc_single_image image=&#8221;7938&#8243; img_size=&#8221;large&#8221; alignment=&#8221;center&#8221; style=&#8221;vc_box_shadow_3d&#8221; css=&#8221;&#8221;][vc_column_text css=&#8221;&#8221;]<\/p>\n<p style=\"font-size: 20px;\"><strong>Real Spanish Course Pack 2: Espa\u00f1ol con noticias y documentales<\/strong><\/p>\n<p style=\"font-size: 20px;\"><strong> This pack consists of 2 courses: <\/strong><\/p>\n<p style=\"font-size: 20px;\">Espa\u00f1ol con noticias y documentales 1: Entrevistas y reportajes<\/p>\n<p style=\"font-size: 20px;\">Espa\u00f1ol con noticias y documentales 2: La historia de tres regiones biling\u00fces de Espa\u00f1a<\/p>\n<p style=\"font-size: 20px;\"><span style=\"text-decoration: line-through;\">50\u20ac<\/span> 37.50\u20ac (Plus any taxes may that apply in your country)<\/p>\n<p style=\"font-size: 20px;\"><strong> <a href=\"https:\/\/www.realspanish.eu\/en\/producto\/course-pack-2\/\"><span style=\"color: #0000ff;\">Buy now<\/span><\/a><\/strong><\/p>\n<p>[\/vc_column_text][\/vc_column][\/vc_row][vc_row css=&#8221;.vc_custom_1734077714046{margin-right: 40px !important;margin-left: 40px !important;}&#8221;][vc_column][vc_row_inner][vc_column_inner][vc_column_text css=&#8221;&#8221;]<\/p>\n<p><center><br \/>\n<strong style=\"color: #21a39b;\">Would you like to suggest topics for new courses? <a href=\"https:\/\/www.realspanish.eu\/en\/contact\/\">Get in touch<\/a>, we\u2019d love to hear from you!<\/strong><\/center>[\/vc_column_text][vc_btn title=&#8221;View all our materials&#8221; color=&#8221;turquoise&#8221; align=&#8221;center&#8221; css=&#8221;&#8221; link=&#8221;url:https%3A%2F%2Fwww.realspanish.eu%2Fen%2Fspanish-online-courses%2F|title:Home&#8221;][\/vc_column_inner][\/vc_row_inner][\/vc_column][\/vc_row]<\/p>\n<\/div>","protected":false},"excerpt":{"rendered":"<p>vc_row ult_hide_row=&#8221;ult_hide_row_value&#8221; ult_hide_row_tablet=&#8221;tablet&#8221; ult_hide_row_tablet_small=&#8221;xs_tablet&#8221; ult_hide_row_mobile=&#8221;mobile&#8221; ult_hide_row_mobile_large=&#8221;xl_mobile&#8221;vc_column\/vc_column\/vc_rowvc_row full_width=&#8221;stretch_row_content_no_spaces&#8221; content_placement=&#8221;middle&#8221; bg_type=&#8221;image&#8221; ult_hide_row=&#8221;ult_hide_row_value&#8221; ult_hide_row_tablet=&#8221;tablet&#8221; ult_hide_row_tablet_small=&#8221;xs_tablet&#8221; ult_hide_row_mobile=&#8221;mobile&#8221; ult_hide_row_mobile_large=&#8221;xl_mobile&#8221; css=&#8221;.vc_custom_1764593708878{background-image: url(https:\/\/www.realspanish.eu\/wp-content\/uploads\/2025\/12\/banner-subpage-cine-English.png?id=8401) !important;}&#8221;vc_column\/vc_column\/vc_rowvc_row full_width=&#8221;stretch_row_content_no_spaces&#8221; bg_type=&#8221;bg_color&#8221; ult_hide_row=&#8221;ult_hide_row_value&#8221; &hellip;<\/p>\n","protected":false},"author":1,"featured_media":0,"parent":0,"menu_order":0,"comment_status":"closed","ping_status":"closed","template":"fullwidth.php","meta":{"_vibebp_attr":"","_vibebp_dimensions":"","_vibebp_responsive_height":"","_vibebp_accordion_ie_support":"","footnotes":""},"class_list":["post-2133","page","type-page","status-publish","hentry"],"yoast_head":"<!-- This site is optimized with the Yoast SEO plugin v15.6.2 - https:\/\/yoast.com\/wordpress\/plugins\/seo\/ -->\n<title>Espa\u00f1ol con cine, TV y radioteatro - Real Spanish<\/title>\n<meta name=\"description\" content=\"If you have been studying Spanish for a long time but are having difficulties, improve your Spanish with Real Spanish! Our online Spanish courses are for you!\" \/>\n<meta name=\"robots\" content=\"index, follow, max-snippet:-1, max-image-preview:large, max-video-preview:-1\" \/>\n<link rel=\"canonical\" href=\"https:\/\/www.realspanish.eu\/en\/spanish-online-courses\/\" \/>\n<meta property=\"og:locale\" content=\"en_US\" \/>\n<meta property=\"og:type\" content=\"article\" \/>\n<meta property=\"og:title\" content=\"Espa\u00f1ol con cine, TV y radioteatro - Real Spanish\" \/>\n<meta property=\"og:description\" content=\"If you have been studying Spanish for a long time but are having difficulties, improve your Spanish with Real Spanish! Our online Spanish courses are for you!\" \/>\n<meta property=\"og:url\" content=\"https:\/\/www.realspanish.eu\/en\/spanish-online-courses\/\" \/>\n<meta property=\"og:site_name\" content=\"Real Spanish\" \/>\n<meta property=\"article:modified_time\" content=\"2026-02-16T15:25:45+00:00\" \/>\n<meta name=\"twitter:card\" content=\"summary_large_image\" \/>\n<meta name=\"twitter:label1\" content=\"Est. reading time\">\n\t<meta name=\"twitter:data1\" content=\"5 minutes\">\n<script type=\"application\/ld+json\" class=\"yoast-schema-graph\">{\"@context\":\"https:\/\/schema.org\",\"@graph\":[{\"@type\":\"WebSite\",\"@id\":\"https:\/\/www.realspanish.eu\/en\/#website\",\"url\":\"https:\/\/www.realspanish.eu\/en\/\",\"name\":\"Real Spanish\",\"description\":\"\",\"potentialAction\":[{\"@type\":\"SearchAction\",\"target\":\"https:\/\/www.realspanish.eu\/en\/?s={search_term_string}\",\"query-input\":\"required name=search_term_string\"}],\"inLanguage\":\"en-US\"},{\"@type\":\"WebPage\",\"@id\":\"https:\/\/www.realspanish.eu\/en\/spanish-online-courses\/#webpage\",\"url\":\"https:\/\/www.realspanish.eu\/en\/spanish-online-courses\/\",\"name\":\"Espa\\u00f1ol con cine, TV y radioteatro - Real Spanish\",\"isPartOf\":{\"@id\":\"https:\/\/www.realspanish.eu\/en\/#website\"},\"datePublished\":\"2020-12-17T15:27:06+00:00\",\"dateModified\":\"2026-02-16T15:25:45+00:00\",\"description\":\"If you have been studying Spanish for a long time but are having difficulties, improve your Spanish with Real Spanish! Our online Spanish courses are for you!\",\"inLanguage\":\"en-US\",\"potentialAction\":[{\"@type\":\"ReadAction\",\"target\":[\"https:\/\/www.realspanish.eu\/en\/spanish-online-courses\/\"]}]}]}<\/script>\n<!-- \/ Yoast SEO plugin. -->","_links":{"self":[{"href":"https:\/\/www.realspanish.eu\/en\/wp-json\/wp\/v2\/pages\/2133","targetHints":{"allow":["GET"]}}],"collection":[{"href":"https:\/\/www.realspanish.eu\/en\/wp-json\/wp\/v2\/pages"}],"about":[{"href":"https:\/\/www.realspanish.eu\/en\/wp-json\/wp\/v2\/types\/page"}],"author":[{"embeddable":true,"href":"https:\/\/www.realspanish.eu\/en\/wp-json\/wp\/v2\/users\/1"}],"replies":[{"embeddable":true,"href":"https:\/\/www.realspanish.eu\/en\/wp-json\/wp\/v2\/comments?post=2133"}],"version-history":[{"count":5,"href":"https:\/\/www.realspanish.eu\/en\/wp-json\/wp\/v2\/pages\/2133\/revisions"}],"predecessor-version":[{"id":6529,"href":"https:\/\/www.realspanish.eu\/en\/wp-json\/wp\/v2\/pages\/2133\/revisions\/6529"}],"wp:attachment":[{"href":"https:\/\/www.realspanish.eu\/en\/wp-json\/wp\/v2\/media?parent=2133"}],"curies":[{"name":"wp","href":"https:\/\/api.w.org\/{rel}","templated":true}]}}