



{"id":5828,"date":"2020-12-22T11:17:22","date_gmt":"2020-12-22T11:17:22","guid":{"rendered":"https:\/\/www.realspanish.eu\/producto\/5828\/"},"modified":"2026-01-05T17:22:02","modified_gmt":"2026-01-05T17:22:02","slug":"spanish-alcantara-1","status":"publish","type":"product","link":"https:\/\/www.realspanish.eu\/en\/producto\/spanish-alcantara-1\/","title":{"rendered":"Espa\u00f1ol con los Alc\u00e1ntara 1, \u00abUn malentendido\u00bb"},"content":{"rendered":"<h4>The lessons of &#8220;Espa\u00f1ol con los Alc\u00e1ntara 1&#8221; are based on excerpts from Cu\u00e9ntame c\u00f3mo pas\u00f3, a popular and award-winning series by Televisi\u00f3n Espa\u00f1ola (TVE).<\/h4>\n","protected":false},"excerpt":{"rendered":"<p>The lessons of &#8220;Espa\u00f1ol con los Alc\u00e1ntara 1&#8221; are based on excerpts from Cu\u00e9ntame c\u00f3mo pas\u00f3, a popular and award-winning &hellip;<\/p>\n","protected":false},"featured_media":3033,"template":"","meta":{"_vibebp_attr":"","_vibebp_dimensions":"","_vibebp_responsive_height":"","_vibebp_accordion_ie_support":""},"product_cat":[465],"product_tag":[468],"class_list":{"0":"post-5828","1":"product","2":"type-product","3":"status-publish","4":"has-post-thumbnail","6":"product_cat-espanol-con-cine-y-television-en","7":"product_tag-un-malentendido-en","9":"first","10":"instock","11":"sale","12":"virtual","13":"sold-individually","14":"taxable","15":"purchasable","16":"product-type-simple"},"yoast_head":"<!-- This site is optimized with the Yoast SEO plugin v15.6.2 - https:\/\/yoast.com\/wordpress\/plugins\/seo\/ -->\n<title>Espa\u00f1ol con los Alc\u00e1ntara 1, \u00abUn malentendido\u00bb - Real Spanish<\/title>\n<meta name=\"robots\" content=\"index, follow, max-snippet:-1, max-image-preview:large, max-video-preview:-1\" \/>\n<link rel=\"canonical\" href=\"https:\/\/www.realspanish.eu\/en\/producto\/spanish-alcantara-1\/\" \/>\n<meta property=\"og:locale\" content=\"en_US\" \/>\n<meta property=\"og:type\" content=\"article\" \/>\n<meta property=\"og:title\" content=\"Espa\u00f1ol con los Alc\u00e1ntara 1, \u00abUn malentendido\u00bb - Real Spanish\" \/>\n<meta property=\"og:description\" content=\"The lessons of &#8220;Espa\u00f1ol con los Alc\u00e1ntara 1&#8221; are based on excerpts from Cu\u00e9ntame c\u00f3mo pas\u00f3, a popular and award-winning &hellip;\" \/>\n<meta property=\"og:url\" content=\"https:\/\/www.realspanish.eu\/en\/producto\/spanish-alcantara-1\/\" \/>\n<meta property=\"og:site_name\" content=\"Real Spanish\" \/>\n<meta property=\"article:modified_time\" content=\"2026-01-05T17:22:02+00:00\" \/>\n<meta property=\"og:image\" content=\"https:\/\/www.realspanish.eu\/wp-content\/uploads\/2020\/11\/Alcantara-1.png\" \/>\n\t<meta property=\"og:image:width\" content=\"899\" \/>\n\t<meta property=\"og:image:height\" content=\"506\" \/>\n<meta name=\"twitter:card\" content=\"summary_large_image\" \/>\n<script type=\"application\/ld+json\" class=\"yoast-schema-graph\">{\"@context\":\"https:\/\/schema.org\",\"@graph\":[{\"@type\":\"WebSite\",\"@id\":\"https:\/\/www.realspanish.eu\/en\/#website\",\"url\":\"https:\/\/www.realspanish.eu\/en\/\",\"name\":\"Real Spanish\",\"description\":\"\",\"potentialAction\":[{\"@type\":\"SearchAction\",\"target\":\"https:\/\/www.realspanish.eu\/en\/?s={search_term_string}\",\"query-input\":\"required name=search_term_string\"}],\"inLanguage\":\"en-US\"},{\"@type\":\"ImageObject\",\"@id\":\"https:\/\/www.realspanish.eu\/en\/producto\/spanish-alcantara-1\/#primaryimage\",\"inLanguage\":\"en-US\",\"url\":\"https:\/\/www.realspanish.eu\/wp-content\/uploads\/2020\/11\/Alcantara-1.png\",\"width\":899,\"height\":506},{\"@type\":\"WebPage\",\"@id\":\"https:\/\/www.realspanish.eu\/en\/producto\/spanish-alcantara-1\/#webpage\",\"url\":\"https:\/\/www.realspanish.eu\/en\/producto\/spanish-alcantara-1\/\",\"name\":\"Espa\\u00f1ol con los Alc\\u00e1ntara 1, \\u00abUn malentendido\\u00bb - Real Spanish\",\"isPartOf\":{\"@id\":\"https:\/\/www.realspanish.eu\/en\/#website\"},\"primaryImageOfPage\":{\"@id\":\"https:\/\/www.realspanish.eu\/en\/producto\/spanish-alcantara-1\/#primaryimage\"},\"datePublished\":\"2020-12-22T11:17:22+00:00\",\"dateModified\":\"2026-01-05T17:22:02+00:00\",\"inLanguage\":\"en-US\",\"potentialAction\":[{\"@type\":\"ReadAction\",\"target\":[\"https:\/\/www.realspanish.eu\/en\/producto\/spanish-alcantara-1\/\"]}]}]}<\/script>\n<!-- \/ Yoast SEO plugin. -->","_links":{"self":[{"href":"https:\/\/www.realspanish.eu\/en\/wp-json\/wp\/v2\/product\/5828","targetHints":{"allow":["GET"]}}],"collection":[{"href":"https:\/\/www.realspanish.eu\/en\/wp-json\/wp\/v2\/product"}],"about":[{"href":"https:\/\/www.realspanish.eu\/en\/wp-json\/wp\/v2\/types\/product"}],"wp:featuredmedia":[{"embeddable":true,"href":"https:\/\/www.realspanish.eu\/en\/wp-json\/wp\/v2\/media\/3033"}],"wp:attachment":[{"href":"https:\/\/www.realspanish.eu\/en\/wp-json\/wp\/v2\/media?parent=5828"}],"wp:term":[{"taxonomy":"product_cat","embeddable":true,"href":"https:\/\/www.realspanish.eu\/en\/wp-json\/wp\/v2\/product_cat?post=5828"},{"taxonomy":"product_tag","embeddable":true,"href":"https:\/\/www.realspanish.eu\/en\/wp-json\/wp\/v2\/product_tag?post=5828"}],"curies":[{"name":"wp","href":"https:\/\/api.w.org\/{rel}","templated":true}]}}