



{"id":7892,"date":"2025-02-24T12:29:06","date_gmt":"2025-02-24T12:29:06","guid":{"rendered":"https:\/\/www.realspanish.eu\/producto\/real-spanish-course-pack-2-espanol-con-noticias-y-documentales\/"},"modified":"2025-12-05T13:01:56","modified_gmt":"2025-12-05T13:01:56","slug":"course-pack-2","status":"publish","type":"product","link":"https:\/\/www.realspanish.eu\/en\/producto\/course-pack-2\/","title":{"rendered":"Real Spanish Course Pack 2:  Espa\u00f1ol con noticias y documentales"},"content":{"rendered":"<p>This pack consists of 2 courses:<\/p>\n<p>Espa\u00f1ol con noticias y documentales 1: Entrevistas y reportajes<\/p>\n<p>Espa\u00f1ol con noticias y documentales 2: La historia de tres regiones biling\u00fces de Espa\u00f1a<\/p>\n","protected":false},"excerpt":{"rendered":"<p>This pack consists of 2 courses: Espa\u00f1ol con noticias y documentales 1: Entrevistas y reportajes Espa\u00f1ol con noticias y documentales &hellip;<\/p>\n","protected":false},"featured_media":3031,"template":"","meta":{"_vibebp_attr":"","_vibebp_dimensions":"","_vibebp_responsive_height":"","_vibebp_accordion_ie_support":""},"product_cat":[660],"product_tag":[],"class_list":{"0":"post-7892","1":"product","2":"type-product","3":"status-publish","4":"has-post-thumbnail","6":"product_cat-packs-en","8":"first","9":"instock","10":"sale","11":"sold-individually","12":"taxable","13":"shipping-taxable","14":"purchasable","15":"product-type-woosb"},"yoast_head":"<!-- This site is optimized with the Yoast SEO plugin v15.6.2 - https:\/\/yoast.com\/wordpress\/plugins\/seo\/ -->\n<title>Real Spanish Course Pack 2: Espa\u00f1ol con noticias y documentales - Real Spanish<\/title>\n<meta name=\"robots\" content=\"index, follow, max-snippet:-1, max-image-preview:large, max-video-preview:-1\" \/>\n<link rel=\"canonical\" href=\"https:\/\/www.realspanish.eu\/en\/producto\/course-pack-2\/\" \/>\n<meta property=\"og:locale\" content=\"en_US\" \/>\n<meta property=\"og:type\" content=\"article\" \/>\n<meta property=\"og:title\" content=\"Real Spanish Course Pack 2: Espa\u00f1ol con noticias y documentales - Real Spanish\" \/>\n<meta property=\"og:description\" content=\"This pack consists of 2 courses: Espa\u00f1ol con noticias y documentales 1: Entrevistas y reportajes Espa\u00f1ol con noticias y documentales &hellip;\" \/>\n<meta property=\"og:url\" content=\"https:\/\/www.realspanish.eu\/en\/producto\/course-pack-2\/\" \/>\n<meta property=\"og:site_name\" content=\"Real Spanish\" \/>\n<meta property=\"article:modified_time\" content=\"2025-12-05T13:01:56+00:00\" \/>\n<meta property=\"og:image\" content=\"https:\/\/www.realspanish.eu\/wp-content\/uploads\/2020\/11\/noticias-docmentales-1.png\" \/>\n\t<meta property=\"og:image:width\" content=\"899\" \/>\n\t<meta property=\"og:image:height\" content=\"507\" \/>\n<meta name=\"twitter:card\" content=\"summary_large_image\" \/>\n<script type=\"application\/ld+json\" class=\"yoast-schema-graph\">{\"@context\":\"https:\/\/schema.org\",\"@graph\":[{\"@type\":\"WebSite\",\"@id\":\"https:\/\/www.realspanish.eu\/en\/#website\",\"url\":\"https:\/\/www.realspanish.eu\/en\/\",\"name\":\"Real Spanish\",\"description\":\"\",\"potentialAction\":[{\"@type\":\"SearchAction\",\"target\":\"https:\/\/www.realspanish.eu\/en\/?s={search_term_string}\",\"query-input\":\"required name=search_term_string\"}],\"inLanguage\":\"en-US\"},{\"@type\":\"ImageObject\",\"@id\":\"https:\/\/www.realspanish.eu\/en\/producto\/course-pack-2\/#primaryimage\",\"inLanguage\":\"en-US\",\"url\":\"https:\/\/www.realspanish.eu\/wp-content\/uploads\/2020\/11\/noticias-docmentales-1.png\",\"width\":899,\"height\":507},{\"@type\":\"WebPage\",\"@id\":\"https:\/\/www.realspanish.eu\/en\/producto\/course-pack-2\/#webpage\",\"url\":\"https:\/\/www.realspanish.eu\/en\/producto\/course-pack-2\/\",\"name\":\"Real Spanish Course Pack 2: Espa\\u00f1ol con noticias y documentales - Real Spanish\",\"isPartOf\":{\"@id\":\"https:\/\/www.realspanish.eu\/en\/#website\"},\"primaryImageOfPage\":{\"@id\":\"https:\/\/www.realspanish.eu\/en\/producto\/course-pack-2\/#primaryimage\"},\"datePublished\":\"2025-02-24T12:29:06+00:00\",\"dateModified\":\"2025-12-05T13:01:56+00:00\",\"inLanguage\":\"en-US\",\"potentialAction\":[{\"@type\":\"ReadAction\",\"target\":[\"https:\/\/www.realspanish.eu\/en\/producto\/course-pack-2\/\"]}]}]}<\/script>\n<!-- \/ Yoast SEO plugin. -->","_links":{"self":[{"href":"https:\/\/www.realspanish.eu\/en\/wp-json\/wp\/v2\/product\/7892","targetHints":{"allow":["GET"]}}],"collection":[{"href":"https:\/\/www.realspanish.eu\/en\/wp-json\/wp\/v2\/product"}],"about":[{"href":"https:\/\/www.realspanish.eu\/en\/wp-json\/wp\/v2\/types\/product"}],"wp:featuredmedia":[{"embeddable":true,"href":"https:\/\/www.realspanish.eu\/en\/wp-json\/wp\/v2\/media\/3031"}],"wp:attachment":[{"href":"https:\/\/www.realspanish.eu\/en\/wp-json\/wp\/v2\/media?parent=7892"}],"wp:term":[{"taxonomy":"product_cat","embeddable":true,"href":"https:\/\/www.realspanish.eu\/en\/wp-json\/wp\/v2\/product_cat?post=7892"},{"taxonomy":"product_tag","embeddable":true,"href":"https:\/\/www.realspanish.eu\/en\/wp-json\/wp\/v2\/product_tag?post=7892"}],"curies":[{"name":"wp","href":"https:\/\/api.w.org\/{rel}","templated":true}]}}